{"id":768,"date":"2023-03-30T19:00:23","date_gmt":"2023-03-30T19:00:23","guid":{"rendered":"https:\/\/savingplus.sk\/?page_id=768"},"modified":"2023-04-06T06:04:51","modified_gmt":"2023-04-06T06:04:51","slug":"ochrana-osobnych-udajov","status":"publish","type":"page","link":"https:\/\/savingplus.sk\/index.php\/ochrana-osobnych-udajov\/","title":{"rendered":"ochrana osobn\u00fdch \u00fadajov"},"content":{"rendered":"\t\t<div data-elementor-type=\"wp-page\" data-elementor-id=\"768\" class=\"elementor elementor-768\">\n\t\t\t\t\t\t<section class=\"elementor-section elementor-top-section elementor-element elementor-element-7be8095 elementor-section-boxed elementor-section-height-default elementor-section-height-default\" data-id=\"7be8095\" data-element_type=\"section\" data-e-type=\"section\">\n\t\t\t\t\t\t<div class=\"elementor-container elementor-column-gap-default\">\n\t\t\t\t\t<div class=\"elementor-column elementor-col-100 elementor-top-column elementor-element elementor-element-d15e0ae\" data-id=\"d15e0ae\" data-element_type=\"column\" data-e-type=\"column\">\n\t\t\t<div class=\"elementor-widget-wrap elementor-element-populated\">\n\t\t\t\t\t\t<div class=\"elementor-element elementor-element-1ecf5b5 elementor-widget elementor-widget-spacer\" data-id=\"1ecf5b5\" data-element_type=\"widget\" data-e-type=\"widget\" data-widget_type=\"spacer.default\">\n\t\t\t\t\t\t\t<div class=\"elementor-spacer\">\n\t\t\t<div class=\"elementor-spacer-inner\"><\/div>\n\t\t<\/div>\n\t\t\t\t\t\t<\/div>\n\t\t\t\t<div class=\"elementor-element elementor-element-c638fd9 elementor-widget elementor-widget-heading\" data-id=\"c638fd9\" data-element_type=\"widget\" data-e-type=\"widget\" data-widget_type=\"heading.default\">\n\t\t\t\t\t<h3 class=\"elementor-heading-title elementor-size-default\">Prehl\u00e1senie o ochrane osobn\u00fdch \u00fadajov webovej str\u00e1nky a pou\u017e\u00edvan\u00ed s\u00faborov cookies (Inform\u00e1cie o zhroma\u017e\u010fovan\u00ed a spracovan\u00ed osobn\u00fdch \u00fadajov)<\/h3>\t\t\t\t<\/div>\n\t\t\t\t<div class=\"elementor-element elementor-element-ee932e7 elementor-widget elementor-widget-text-editor\" data-id=\"ee932e7\" data-element_type=\"widget\" data-e-type=\"widget\" data-widget_type=\"text-editor.default\">\n\t\t\t\t\t\t\t\t\t<p style=\"padding-left: 80px;\"><strong>\u00davod<\/strong><\/p><p style=\"padding-left: 80px;\">Poskytovate\u013eom tejto Webovej str\u00e1nky www.savingplus.sk\u00a0je Savingplus spol. s r.o. , ktor\u00fd je ni\u017e\u0161ie ozna\u010dovan\u00fd ako \u201cspolo\u010dnos\u0165\u201d.<\/p><p style=\"padding-left: 80px;\">T\u00e1to inform\u00e1cia o zhroma\u017e\u010fovan\u00ed a spracovan\u00ed osobn\u00fdch \u00fadajov (\u201cVyhl\u00e1senie o ochrane osobn\u00fdch \u00fadajov\u201d) vysvet\u013euje ak\u00fdm sp\u00f4sobom chr\u00e1nime \u00fadaje n\u00e1v\u0161tevn\u00edkov z\u00edskan\u00e9 prostredn\u00edctvom tejto Webovej str\u00e1nky (tak ako je definovan\u00e1 ni\u017e\u0161ie). .<\/p><p style=\"padding-left: 80px;\"><strong>Kontakt<\/strong><\/p><p style=\"padding-left: 80px;\">Pokia\u013e m\u00e1te ak\u00e1ko\u013evek ot\u00e1zky t\u00fdkaj\u00face sa tohto Vyhl\u00e1senia o ochrane osobn\u00fdch \u00fadajov alebo zhroma\u017e\u010fovan\u00ed a spracovan\u00ed Va\u0161ich osobn\u00fdch \u00fadajov pri pou\u017e\u00edvan\u00ed tejto Webovej str\u00e1nky, pros\u00edm pou\u017eite odkaz\u00a0<a href=\"mailto:info@komingstav.sk\/\" data-wpel-link=\"internal\">s<\/a>avingsladkovicovo@gmail.com<\/p><p style=\"padding-left: 80px;\"><strong>Zhroma\u017e\u010fovanie a spracovanie osobn\u00fdch \u00fadajov<\/strong><\/p><p style=\"padding-left: 80px;\">Ako n\u00e1v\u0161tevn\u00edk nemus\u00edte pri pou\u017e\u00edvan\u00ed tejto Webovej str\u00e1nky poskytova\u0165 \u017eiadne osobn\u00e9 \u00fadaje. Prostredn\u00edctvom tejto Webovej str\u00e1nky v\u0161ak m\u00f4\u017eu by\u0165 zhroma\u017e\u010fovan\u00e9 osobn\u00e9 \u00fadaje, ktor\u00e9 n\u00e1v\u0161tevn\u00edci dobrovo\u013ene poskytn\u00fa pre ur\u010dit\u00fd \u00fa\u010del. V takomto pr\u00edpade (teda v pr\u00edpade, \u017ee t\u00e1to Webov\u00e1 str\u00e1nka obsahuje syst\u00e9m alebo aplik\u00e1ciu, ktor\u00e1 je vyu\u017e\u00edvan\u00e1 na spracovanie osobn\u00fdch \u00fadajov pre konkr\u00e9tny \u00fa\u010del, napr. kontaktn\u00fd formul\u00e1r) bude V\u00e1\u0161 s\u00fahlas so spracovan\u00edm osobn\u00fdch \u00fadajov vy\u017eiadan\u00fd pr\u00edslu\u0161n\u00fdm prev\u00e1dzkovate\u013eom osobn\u00fdch \u00fadajov v s\u00falade s pr\u00edslu\u0161n\u00fdmi pr\u00e1vnymi predpismi upravuj\u00facimi ochranu osobn\u00fdch \u00fadajov a\/alebo V\u00e1m bude predt\u00fdm, ne\u017e bud\u00fa zhroma\u017eden\u00e9 alebo spracovan\u00e9 ak\u00e9ko\u013evek osobn\u00e9 \u00fadaje, poskytnut\u00e1 pr\u00edslu\u0161n\u00e1 inform\u00e1cia o zhroma\u017e\u010fovan\u00ed a spracovan\u00ed osobn\u00fdch \u00fadajov.<\/p><p style=\"padding-left: 80px;\">T\u00e1to Webov\u00e1 str\u00e1nka nezhroma\u017e\u010fuje ani nespracov\u00e1va \u017eiadne osobitn\u00e9 kateg\u00f3rie osobn\u00fdch \u00fadajov (citliv\u00e9 osobn\u00e9 \u00fadaje).<\/p><p style=\"padding-left: 80px;\"><strong>Inform\u00e1cie o internetov\u00fdch udalostiach (log information), cookies a webov\u00fdch prezen\u010dn\u00fdch sign\u00e1loch (web beacons)<\/strong><\/p><p style=\"padding-left: 80px;\">T\u00e1to str\u00e1nka zhroma\u017e\u010fuje \u0161tandardn\u00e9 inform\u00e1cie o internetov\u00fdch udalostiach (tzv. \u201elog information\u201c), vr\u00e1tane Va\u0161ej IP adresy, typu prehliada\u010da a jazyka, \u010dasu pr\u00edstupu, ako aj odkazuj\u00facej webovej adresy. Za \u00fa\u010delom zaistenia kvalitnej spr\u00e1vy tejto Webovej str\u00e1nky a u\u013eah\u010denia pokro\u010dilej navig\u00e1cie m\u00f4\u017eeme my alebo na\u0161i poskytovatelia slu\u017eieb pou\u017e\u00edva\u0165 taktie\u017e tzv. \u201ecookies\u201c (mal\u00e9 textov\u00e9 s\u00fabory ulo\u017een\u00e9 v prehliada\u010di u\u017e\u00edvate\u013ea) alebo webov\u00e9 prezen\u010dn\u00e9 sign\u00e1ly (elektronick\u00e9 obr\u00e1zky, ktor\u00e9 t\u00fdmto webov\u00fdm str\u00e1nkam umo\u017e\u0148uj\u00fa po\u010d\u00edta\u0165 n\u00e1v\u0161tevn\u00edkov, ktor\u00ed konkr\u00e9tnu str\u00e1nku otvorili, alebo spr\u00edstup\u0148uj\u00fa ur\u010dit\u00e9 s\u00fabory cookies) pre zber s\u00fahrnn\u00fdch \u00fadajov. Nezhroma\u017e\u010fujeme ani neuchov\u00e1vame \u017eiadne individu\u00e1lne (nes\u00fahrnn\u00e9) s\u00fabory cookies. M\u00e1me pr\u00edstup v\u00fdlu\u010dne k s\u00fahrnn\u00fdm \u00fadajom o cookies pre \u00fa\u010delu funk\u010dnosti tejto web str\u00e1nky. \u010eal\u0161ie inform\u00e1cie o tom, ako vyu\u017e\u00edvame s\u00fabory cookies a \u010fal\u0161ie monitorovacie technol\u00f3gie a ako ich m\u00f4\u017eete ma\u0165 pod kontrolou, n\u00e1jdete v\u00a0<u>Ozn\u00e1men\u00ed o pou\u017e\u00edvan\u00ed s\u00faborov cookies<\/u>.<\/p><p style=\"padding-left: 80px;\"><strong>Soci\u00e1lne m\u00e9di\u00e1<\/strong><\/p><p style=\"padding-left: 80px;\">T\u00e1to Webov\u00e1 str\u00e1nka m\u00f4\u017ee obsahova\u0165 odkazy na aplik\u00e1cie soci\u00e1lnych m\u00e9di\u00ed alebo slu\u017eby, ktor\u00e9 V\u00e1m umo\u017enia zdie\u013ea\u0165 obsah s ostatn\u00fdmi u\u017e\u00edvate\u013emi (spolo\u010dne \u201eAplik\u00e1cie soci\u00e1lnych m\u00e9di\u00ed\u201c). Ak\u00e9ko\u013evek osobn\u00e9 alebo in\u00e9 \u00fadaje, ktor\u00e9 vlo\u017e\u00edte do akejko\u013evek Aplik\u00e1cie soci\u00e1lnych m\u00e9di\u00ed, m\u00f4\u017eu in\u00ed u\u017e\u00edvatelia Aplik\u00e1cie soci\u00e1lnych m\u00e9di\u00ed \u010d\u00edta\u0165, zhroma\u017e\u010fova\u0165 a pou\u017e\u00edva\u0165, pri\u010dom nad t\u00fdmito in\u00fdmi u\u017e\u00edvate\u013emi m\u00e1me len mal\u00fa alebo \u017eiadnu kontrolu. Z t\u00fdchto d\u00f4vodov nenesieme \u017eiadnu zodpovednos\u0165 za ak\u00e9ko\u013evek pou\u017eitie, zneu\u017eitie alebo in\u00e9 neopr\u00e1vnen\u00e9 nakladanie s ak\u00fdmiko\u013evek osobn\u00fdmi \u00fadajmi alebo in\u00fdmi inform\u00e1ciami, ktor\u00e9 vlo\u017e\u00edte do akejko\u013evek Aplik\u00e1cie soci\u00e1lnych m\u00e9di\u00ed, zo strany ostatn\u00fdch u\u017e\u00edvate\u013eov.<\/p><p style=\"padding-left: 80px;\"><strong>Zabezpe\u010denie inform\u00e1ci\u00ed<\/strong><\/p><p style=\"padding-left: 80px;\">Uplat\u0148ujeme \u0161tandardy technick\u00e9ho a prev\u00e1dzkov\u00e9ho zabezpe\u010denia v\u0161etk\u00fdch \u00fadajov poskytovan\u00fdch zo strany n\u00e1v\u0161tevn\u00edkov prostredn\u00edctvom tejto Webovej str\u00e1nky proti neopr\u00e1vnen\u00e9mu pr\u00edstupu, zverejneniu, zmene alebo zni\u010deniu.<\/p><p style=\"padding-left: 80px;\"><strong>Zmeny vo Vyhl\u00e1sen\u00ed o ochrane osobn\u00fdch \u00fadajov<\/strong><\/p><p style=\"padding-left: 80px;\">Toto Vyhl\u00e1senie o ochrane osobn\u00fdch \u00fadajov m\u00f4\u017eeme pod\u013ea n\u00e1\u0161ho uv\u00e1\u017eenia \u010das od \u010dasu upravi\u0165 alebo doplni\u0165. V pr\u00edpade, \u017ee d\u00f4jde k zmen\u00e1m v tomto Vyhl\u00e1sen\u00ed o ochrane osobn\u00fdch \u00fadajov bude vo vz\u0165ahu k V\u00e1m a Va\u0161\u00edm inform\u00e1ci\u00e1m \u00fa\u010dinn\u00e9 od tohoto d\u00e1tumu. Odpor\u00fa\u010dame V\u00e1m pravidelne kontrolova\u0165 toto Vyhl\u00e1senie o ochrane osobn\u00fdch \u00fadajov, aby ste mali preh\u013ead o tom, ak\u00fdm sp\u00f4sobom chr\u00e1nime Va\u0161e \u00fadaje.<\/p><p style=\"padding-left: 80px;\"><strong>Ochrana osobn\u00fdch \u00fadajov det\u00ed<\/strong><\/p><p style=\"padding-left: 80px;\">Sme si vedom\u00ed toho ak\u00e1 d\u00f4le\u017eit\u00e1 je ochrana osobn\u00fdch \u00fadajov det\u00ed v interakt\u00edvnom svete internetu. T\u00e1to Webov\u00e1 str\u00e1nka nie je vytvoren\u00e1 ani z\u00e1merne necieli na deti mlad\u0161ie ako 16 rokov. Na\u0161im cie\u013eom nie je cielene zhroma\u017e\u010fova\u0165 alebo uchov\u00e1va\u0165 \u00fadaje o jedincoch mlad\u0161\u00edch ako 16 rokov.<\/p><p style=\"padding-left: 80px;\">Ozn\u00e1menie o pou\u017e\u00edvan\u00ed s\u00faborov cookies<\/p><p style=\"padding-left: 80px;\">Toto ozn\u00e1menie je s\u00fa\u010das\u0165ou Prehl\u00e1senia o ochrane osobn\u00fdch \u00fadajov. Viac inform\u00e1ci\u00ed o n\u00e1s a o tom, ako chr\u00e1nime inform\u00e1cie o n\u00e1v\u0161tevn\u00edkoch tejto Webovej str\u00e1nky, n\u00e1jdete v na\u0161om Prehl\u00e1sen\u00ed o ochrane osobn\u00fdch \u00fadajov.<\/p><p style=\"padding-left: 80px;\"><b>Aby sme V\u00e1m mohli poskytn\u00fa\u0165 pr\u00edstup k tejto Webovej str\u00e1nke a slu\u017eby prisp\u00f4soben\u00e9 Va\u0161\u00edm potreb\u00e1m, potrebujeme pozna\u0165 a uchov\u00e1va\u0165 inform\u00e1cie o tom, ak\u00fdm sp\u00f4sobom pou\u017e\u00edvate t\u00fato Webov\u00fa str\u00e1nku.<\/b><\/p><p style=\"padding-left: 80px;\">To dosiahneme pomocou mal\u00fdch textov\u00fdch s\u00faborov, tzv. cookies. Cookies obsahuj\u00fa mal\u00e9 mno\u017estvo inform\u00e1ci\u00ed a s\u00fa s\u0165ahovan\u00e9 prostredn\u00edctvom serveru tejto Webovej str\u00e1nky do V\u00e1\u0161ho po\u010d\u00edta\u010da alebo in\u00e9ho zariadenia. V\u00e1\u0161 internetov\u00fd prehliada\u0165 potom za\u0161le s\u00fabory cookies sp\u00e4\u0165 tejto Webovej str\u00e1nke pri ka\u017edej \u010fal\u0161ej n\u00e1v\u0161teve, v\u010faka \u010domu V\u00e1s t\u00e1to Webov\u00e1 str\u00e1nka rozpozn\u00e1 a n\u00e1jde inform\u00e1cie napr. o va\u0161ich u\u017e\u00edvate\u013esk\u00fdch preferenci\u00e1ch (nav\u0161t\u00edven\u00e9 str\u00e1nky, kliknutia, hist\u00f3ria aktiv\u00edt). Podrobn\u00e9 inform\u00e1cie o s\u00faboroch cookies a ich fungovan\u00ed n\u00e1jdete na\u00a0<a class=\"external wpel-icon-right\" title=\"Odkaz otv\u00e1ra nov\u00e9 okno - \" href=\"http:\/\/www.aboutcookies.org\/\" target=\"_blank\" rel=\"nofollow external noopener noreferrer\" data-wpel-link=\"external\">www.aboutcookies.org<i class=\"wpel-icon dashicons-before dashicons-external\" aria-hidden=\"true\"><\/i><\/a><\/p><p style=\"padding-left: 80px;\">Kedyko\u013evek nav\u0161t\u00edvite t\u00fato Webov\u00fa str\u00e1nku, m\u00f4\u017ee doch\u00e1dza\u0165 ku zhroma\u017e\u010fovaniu inform\u00e1ci\u00ed prostredn\u00edctvom s\u00faborov cookies alebo in\u00fdch technol\u00f3gi\u00ed (inform\u00e1cie o jazyku, zemi a predt\u00fdm nastaven\u00fdch str\u00e1nkach). Z\u00edskan\u00e9 s\u00fabory cookies s\u00fa vyu\u017e\u00edvan\u00e9 len vo ve\u013emi obmedzenom rozsahu, ktor\u00fd je nevyhnutn\u00fd pre technick\u00e9 \u00fa\u010dely (funk\u010dnos\u0165 webovej str\u00e1nky), a\u00a0<b>s\u00fa uchov\u00e1van\u00e9 po dobu 5 rokov<\/b>\u00a0v s\u00falade s medzin\u00e1rodn\u00fdmi \u0161tandardami NAI \u2013 www.networkadvertising.org. Tieto inform\u00e1cie nie je mo\u017en\u00e9 prepoji\u0165 so \u017eiadnou konkr\u00e9tnou osobou. N\u00e1v\u0161tevou tejto Webovej str\u00e1nky s\u00fahlas\u00edte s pou\u017e\u00edvan\u00edm s\u00faborov cookies v rozsahu uvedenom v tomto Ozn\u00e1men\u00ed o pou\u017e\u00edvan\u00ed s\u00faborov cookies.<\/p><p style=\"padding-left: 80px;\"><strong>Ak\u00e9 s\u00fabory cookies pou\u017e\u00edvame a pre\u010do?<\/strong><\/p><p style=\"padding-left: 80px;\">Niektor\u00e9 s\u00fabory cookies, ktor\u00e9 pou\u017e\u00edvame, s\u00fa nevyhnutn\u00e9 na to, aby ste mohli t\u00fato Webov\u00fa str\u00e1nku prezera\u0165 a vyu\u017e\u00edva\u0165 jej funkcie, ako napr\u00edklad pr\u00edstup do zabezpe\u010den\u00fdch oblast\u00ed, ktor\u00e9 m\u00f4\u017eu obsahova\u0165 inform\u00e1cie pre registrovan\u00fdch u\u017e\u00edvate\u013eov (tzv. nevyhnutn\u00e9 cookies)<\/p><p style=\"padding-left: 80px;\">Pou\u017e\u00edvame taktie\u017e tzv. \u201efunk\u010dn\u00e9 cookies\u201c uchov\u00e1vaj\u00face inform\u00e1cie, ktor\u00e9 umo\u017e\u0148uj\u00fa prisp\u00f4sobi\u0165 str\u00e1nku na\u0161im u\u017e\u00edvate\u013eom; napr\u00edklad ulo\u017ei\u0165 V\u00e1\u0161 jazyk alebo Va\u0161u geografick\u00fa polohu \u010di fakt, \u017ee ste u\u017e vyplnili na\u0161u anketu. Tieto inform\u00e1cie s\u00fa vyu\u017e\u00edvan\u00e9 pre ve\u013emi obmedzen\u00fd \u00fa\u010del a s\u00fa uchov\u00e1van\u00e9 po obmedzen\u00fa dobu. V\u0161etky tieto \u00fadaje s\u00fa celkom anonymn\u00e9 a nie s\u00fa pou\u017e\u00edvan\u00e9 k in\u00fdm \u00fa\u010delom.<\/p><p style=\"padding-left: 80px;\">Ako my, tak aj poskytovatelia na\u0161ich slu\u017eieb rovnako pou\u017e\u00edvame analytick\u00e9 slu\u017eby, ktor\u00e9 n\u00e1m pom\u00e1haj\u00fa zisti\u0165 do akej miery je obsah na\u0161ich Webov\u00fdch str\u00e1nok efekt\u00edvny, \u010do zauj\u00edma na\u0161ich u\u017e\u00edvate\u013eov, a ako zlep\u0161i\u0165 fungovanie tejto Webovej str\u00e1nky. Okrem toho vyu\u017e\u00edvame tzv. web beacons, zn\u00e1me ako pixelov\u00e9 tagy k po\u010d\u00edtaniu n\u00e1v\u0161tev na\u0161ich Webov\u00fdch str\u00e1nok, a \u010falej tzv. \u201ev\u00fdkonov\u00e9 cookies\u201c, ktor\u00e9 monitoruj\u00fa, ko\u013eko unik\u00e1tnych u\u017e\u00edvate\u013eov t\u00fato Webov\u00fa str\u00e1nku nav\u0161tevuje a ako \u010dasto. Tieto \u00fadaje pou\u017e\u00edvame v\u00fdhradne pre \u0161tatistick\u00e9 \u00fa\u010dely a na\u0161im cie\u013eom nie je pou\u017e\u00edva\u0165 tieto inform\u00e1cie k identifik\u00e1ci\u00ed konkr\u00e9tnych u\u017e\u00edvate\u013eov.<\/p><p style=\"padding-left: 80px;\">Pokia\u013e chcete z\u00edska\u0165 podrobnej\u0161ie inform\u00e1cie o s\u00faboroch cookies, ktor\u00e9 pou\u017e\u00edvame,\u00a0nap\u00ed\u0161te n\u00e1m na <a href=\"mailto:info@komingstav.sk\/\" data-wpel-link=\"internal\">info@komingstav.sk<\/a>.<\/p><p style=\"padding-left: 80px;\"><strong>Ako m\u00f4\u017eete kontrolova\u0165 s\u00fabory cookies?<\/strong><\/p><p style=\"padding-left: 80px;\">N\u00e1v\u0161tevou tejto Webovej str\u00e1nku s\u00fahlas\u00edte s t\u00fdm, \u017ee m\u00f4\u017eeme do V\u00e1\u0161ho po\u010d\u00edta\u010da alebo zariadenia umiestni\u0165 s\u00fabory cookies, tak ako je vysvetlen\u00e9 vy\u0161\u0161ie- Tieto s\u00fabory v\u0161ak m\u00f4\u017eete kontrolova\u0165 a spravova\u0165 nieko\u013ek\u00fdmi sp\u00f4sobmi. Majte pros\u00ed na pam\u00e4ti, \u017ee odstr\u00e1nenie alebo blokovanie s\u00faborov cookies m\u00f4\u017ee ovplyvni\u0165 Va\u0161u u\u017e\u00edvate\u013esk\u00fa sk\u00fasenos\u0165 a je mo\u017en\u00e9, \u017ee nebudete ma\u0165 \u00fapln\u00fd pr\u00edstup k niektor\u00fdm oblastiam tejto Webovej str\u00e1nky.<\/p><p style=\"padding-left: 80px;\"><strong>Kontrola pomocou internetov\u00fdch prehliada\u010dov<\/strong><\/p><p style=\"padding-left: 80px;\">V\u00e4\u010d\u0161ina internetov\u00fdch prehliada\u010dov V\u00e1m umo\u017en\u00e9 kontrolova\u0165, ak\u00e9 s\u00fabory cookies m\u00e1te ulo\u017een\u00e9, jednotliv\u00e9 s\u00fabory cookies vymaza\u0165 alebo uklada\u0165 s\u00fabory cookies z ur\u010dit\u00fdch alebo v\u0161etk\u00fdch webov\u00fdch str\u00e1nok. Vezmite pros\u00edm na vedomie, \u017ee pokia\u013e v\u0161etky s\u00fabory cookies odstr\u00e1nite, v\u0161etky Va\u0161e osobn\u00e9 nastavenia bud\u00fa straten\u00e9, a to vr\u00e1tane preferenci\u00ed zakazuj\u00facich pou\u017e\u00edvanie s\u00faborov cookies, preto\u017ee aj t\u00e1to vo\u013eba vy\u017eaduje nastavenie tzv. opt-out cookies. Viac inform\u00e1ci\u00ed o tom ako m\u00f4\u017eete nastavi\u0165 svoj internetov\u00fd prehliada\u010d tak, aby boli s\u00fabory cookies blokovan\u00e9 alebo filtrovan\u00e9, n\u00e1jdete na www.cookiecentral.com\/faq alebo na www.aboutcookies.org.<\/p><p style=\"padding-left: 80px;\"><strong>Nastavenie tzv. \u201eanalytick\u00fdch cookies\u201c<\/strong><\/p><p style=\"padding-left: 80px;\">M\u00f4\u017eete tie\u017e zamedzi\u0165 tomu, aby Va\u0161e anonymn\u00e9 prehliadanie internetov\u00fdch str\u00e1nok bolo ukladan\u00e9 do analytick\u00fdch s\u00faborov cookies. Vezmite pros\u00edm na vedomie, \u017ee vyu\u017e\u00edvame slu\u017eby poskytovate\u013eov analytick\u00fdch cookies uveden\u00fdch ni\u017e\u0161ie. Viac inform\u00e1ci\u00ed o z\u00e1sad\u00e1ch ochrany osobn\u00fdch \u00fadajov t\u00fdmito poskytovate\u013emi a mo\u017enostiach z\u00e1kazu pou\u017e\u00edvania ich cookies m\u00f4\u017eete z\u00edska\u0165 na nasleduj\u00facich odkazoch:<\/p><p style=\"padding-left: 80px;\">Google analytics: www.google.com\/analytics\/learn\/privacy.html<\/p><p style=\"padding-left: 80px;\">\u00a0<\/p><p style=\"padding-left: 80px;\"><strong>Tla\u010didl\u00e1 soci\u00e1lnych siet\u00ed<\/strong><\/p><p style=\"padding-left: 80px;\">Pou\u017e\u00edvame taktie\u017e tla\u010didl\u00e1 soci\u00e1lnych siet\u00ed, ktor\u00e9 u\u017e\u00edvate\u013eom umo\u017e\u0148uj\u00fa webov\u00e9 str\u00e1nky zdie\u013ea\u0165 alebo ich uklada\u0165 do z\u00e1lo\u017eiek. Jedn\u00e1 sa o tla\u010didl\u00e1, ktor\u00e9 odkazuj\u00fa na str\u00e1nky soci\u00e1lnych siet\u00ed prev\u00e1dzkovan\u00e9 tret\u00edmi stranami, ktor\u00e9 m\u00f4\u017eu na\u010d\u00edta\u0165 \u00fadaje o Va\u0161ich aktivit\u00e1ch na internete vr\u00e1tane tejto Webovej str\u00e1nky. Pre\u010d\u00edtajte si pros\u00edm podmienky pou\u017e\u00edvania t\u00fdchto internetov\u00fdch str\u00e1nok, aby ste presne porozumeli tomu, ako tieto str\u00e1nky Va\u0161e \u00fadaje vyu\u017e\u00edvaj\u00fa a zistili, ako m\u00f4\u017eete zamedzi\u0165 ukladaniu t\u00fdchto \u00fadajov alebo ako ich m\u00f4\u017eete vymaza\u0165.<\/p><p style=\"padding-left: 80px;\"><strong>Extern\u00e9 webov\u00e9 slu\u017eby<\/strong><\/p><p style=\"padding-left: 80px;\">Za \u00fa\u010delom zobrazenia obsahu tejto Webovej str\u00e1nky, napr\u00edklad za \u00fa\u010delom zobrazenia obr\u00e1zkov alebo vide\u00ed, niekedy pou\u017e\u00edvame extern\u00e9 webov\u00e9 slu\u017eby. Rovnako ako v pr\u00edpade tla\u010didiel soci\u00e1lnych siet\u00ed nie sme schopn\u00ed t\u00fdmto extern\u00fdm str\u00e1nkam alebo dom\u00e9nam zabr\u00e1ni\u0165, aby zhroma\u017e\u010fovali \u00fadaje o tom, ako vyu\u017e\u00edvate obsahu vlo\u017een\u00fd na na\u0161e Webov\u00e9 str\u00e1nky.<\/p><p style=\"padding-left: 80px;\">Toto Ozn\u00e1menie o pou\u017e\u00edvan\u00ed s\u00faborov cookies m\u00f4\u017eeme pod\u013ea n\u00e1\u0161ho uv\u00e1\u017eenia z \u010dasu na \u010das upravi\u0165 alebo doplni\u0165. V pr\u00edpade, ak d\u00f4jde k zmene alebo doplneniu tohto Ozn\u00e1menia o pou\u017e\u00edvan\u00ed s\u00faborov cookies, zmen\u00ed sa aj d\u00e1tum poslednej rev\u00edzie uvedenej v hornej \u010dasti tejto str\u00e1nku, pri\u010dom takto upraven\u00e9 alebo doplnen\u00e9 Ozn\u00e1menie o pou\u017e\u00edvan\u00ed s\u00faborov cookies bude vo vz\u0165ahu k V\u00e1m a Va\u0161im inform\u00e1ci\u00e1m \u00fa\u010dinn\u00e9 od tohto d\u00e1tumu. Odpor\u00fa\u010dame V\u00e1m pravidelne kontrolova\u0165 toto Ozn\u00e1menie o pou\u017e\u00edvan\u00ed s\u00faborov cookies, aby ste mali preh\u013ead o tom, ak\u00fdm sp\u00f4sobom s\u00fabory cookies pou\u017e\u00edvame.<\/p><p style=\"padding-left: 80px;\">Na\u0161e webov\u00e9 str\u00e1nky pou\u017e\u00edvaj\u00fa prepojenia na nasleduj\u00face soci\u00e1lne siete:<\/p><ul><li style=\"list-style-type: none;\"><ul><li style=\"list-style-type: none;\"><ul><li><p>Facebook, Facebook Inc., 1601 S. California Ave, Palo Alto, CA 94304, USA<\/p><\/li><li><p>Google+, Google Inc., 1600 Amphitheater Parkway, Mountain View, CA 94043, USA<\/p><\/li><li><p>YouTube, LLC, 901 Cherry Ave., San Bruno CA 94066, USA<\/p><\/li><\/ul><\/li><\/ul><\/li><\/ul>\t\t\t\t\t\t\t\t<\/div>\n\t\t\t\t\t<\/div>\n\t\t<\/div>\n\t\t\t\t\t<\/div>\n\t\t<\/section>\n\t\t\t\t<\/div>\n\t\t","protected":false},"excerpt":{"rendered":"<p>Prehl\u00e1senie o ochrane osobn\u00fdch \u00fadajov webovej str\u00e1nky a pou\u017e\u00edvan\u00ed s\u00faborov cookies (Inform\u00e1cie o zhroma\u017e\u010fovan\u00ed a spracovan\u00ed osobn\u00fdch \u00fadajov) \u00davod Poskytovate\u013eom tejto Webovej str\u00e1nky www.savingplus.sk\u00a0je Savingplus spol. s r.o. , ktor\u00fd je ni\u017e\u0161ie ozna\u010dovan\u00fd ako \u201cspolo\u010dnos\u0165\u201d. T\u00e1to inform\u00e1cia o zhroma\u017e\u010fovan\u00ed a spracovan\u00ed osobn\u00fdch \u00fadajov (\u201cVyhl\u00e1senie o ochrane osobn\u00fdch \u00fadajov\u201d) vysvet\u013euje ak\u00fdm sp\u00f4sobom chr\u00e1nime \u00fadaje n\u00e1v\u0161tevn\u00edkov z\u00edskan\u00e9 [&hellip;]<\/p>\n","protected":false},"author":1,"featured_media":0,"parent":0,"menu_order":0,"comment_status":"closed","ping_status":"closed","template":"","meta":{"site-sidebar-layout":"no-sidebar","site-content-layout":"page-builder","ast-site-content-layout":"default","site-content-style":"default","site-sidebar-style":"default","ast-global-header-display":"","ast-banner-title-visibility":"","ast-main-header-display":"","ast-hfb-above-header-display":"","ast-hfb-below-header-display":"","ast-hfb-mobile-header-display":"","site-post-title":"disabled","ast-breadcrumbs-content":"","ast-featured-img":"disabled","footer-sml-layout":"","theme-transparent-header-meta":"","adv-header-id-meta":"","stick-header-meta":"","header-above-stick-meta":"","header-main-stick-meta":"","header-below-stick-meta":"","astra-migrate-meta-layouts":"default","ast-page-background-enabled":"default","ast-page-background-meta":{"desktop":{"background-color":"var(--ast-global-color-4)","background-image":"","background-repeat":"repeat","background-position":"center center","background-size":"auto","background-attachment":"scroll","background-type":"","background-media":"","overlay-type":"","overlay-color":"","overlay-opacity":"","overlay-gradient":""},"tablet":{"background-color":"","background-image":"","background-repeat":"repeat","background-position":"center center","background-size":"auto","background-attachment":"scroll","background-type":"","background-media":"","overlay-type":"","overlay-color":"","overlay-opacity":"","overlay-gradient":""},"mobile":{"background-color":"","background-image":"","background-repeat":"repeat","background-position":"center center","background-size":"auto","background-attachment":"scroll","background-type":"","background-media":"","overlay-type":"","overlay-color":"","overlay-opacity":"","overlay-gradient":""}},"ast-content-background-meta":{"desktop":{"background-color":"var(--ast-global-color-5)","background-image":"","background-repeat":"repeat","background-position":"center center","background-size":"auto","background-attachment":"scroll","background-type":"","background-media":"","overlay-type":"","overlay-color":"","overlay-opacity":"","overlay-gradient":""},"tablet":{"background-color":"var(--ast-global-color-5)","background-image":"","background-repeat":"repeat","background-position":"center center","background-size":"auto","background-attachment":"scroll","background-type":"","background-media":"","overlay-type":"","overlay-color":"","overlay-opacity":"","overlay-gradient":""},"mobile":{"background-color":"var(--ast-global-color-5)","background-image":"","background-repeat":"repeat","background-position":"center center","background-size":"auto","background-attachment":"scroll","background-type":"","background-media":"","overlay-type":"","overlay-color":"","overlay-opacity":"","overlay-gradient":""}},"footnotes":""},"class_list":["post-768","page","type-page","status-publish","hentry"],"_links":{"self":[{"href":"https:\/\/savingplus.sk\/index.php\/wp-json\/wp\/v2\/pages\/768","targetHints":{"allow":["GET"]}}],"collection":[{"href":"https:\/\/savingplus.sk\/index.php\/wp-json\/wp\/v2\/pages"}],"about":[{"href":"https:\/\/savingplus.sk\/index.php\/wp-json\/wp\/v2\/types\/page"}],"author":[{"embeddable":true,"href":"https:\/\/savingplus.sk\/index.php\/wp-json\/wp\/v2\/users\/1"}],"replies":[{"embeddable":true,"href":"https:\/\/savingplus.sk\/index.php\/wp-json\/wp\/v2\/comments?post=768"}],"version-history":[{"count":5,"href":"https:\/\/savingplus.sk\/index.php\/wp-json\/wp\/v2\/pages\/768\/revisions"}],"predecessor-version":[{"id":1386,"href":"https:\/\/savingplus.sk\/index.php\/wp-json\/wp\/v2\/pages\/768\/revisions\/1386"}],"wp:attachment":[{"href":"https:\/\/savingplus.sk\/index.php\/wp-json\/wp\/v2\/media?parent=768"}],"curies":[{"name":"wp","href":"https:\/\/api.w.org\/{rel}","templated":true}]}}