{"id":309,"date":"2021-11-04T10:21:10","date_gmt":"2021-11-04T10:21:10","guid":{"rendered":"https:\/\/savingplus.sk\/index.php\/projects\/"},"modified":"2026-03-13T10:28:23","modified_gmt":"2026-03-13T10:28:23","slug":"betonaren","status":"publish","type":"page","link":"https:\/\/savingplus.sk\/index.php\/betonaren\/","title":{"rendered":"Beton\u00e1re\u0148"},"content":{"rendered":"\t\t<div data-elementor-type=\"wp-page\" data-elementor-id=\"309\" class=\"elementor elementor-309\">\n\t\t\t\t\t\t<section class=\"elementor-section elementor-top-section elementor-element elementor-element-2a455c4 elementor-section-full_width elementor-section-height-min-height elementor-section-height-default elementor-section-items-middle\" data-id=\"2a455c4\" data-element_type=\"section\" data-e-type=\"section\" data-settings=\"{&quot;background_background&quot;:&quot;classic&quot;}\">\n\t\t\t\t\t\t\t<div class=\"elementor-background-overlay\"><\/div>\n\t\t\t\t\t\t\t<div class=\"elementor-container elementor-column-gap-no\">\n\t\t\t\t\t<div class=\"elementor-column elementor-col-100 elementor-top-column elementor-element elementor-element-c8c40aa\" data-id=\"c8c40aa\" data-element_type=\"column\" data-e-type=\"column\" data-settings=\"{&quot;background_background&quot;:&quot;slideshow&quot;,&quot;background_slideshow_gallery&quot;:[],&quot;background_slideshow_loop&quot;:&quot;yes&quot;,&quot;background_slideshow_slide_duration&quot;:5000,&quot;background_slideshow_slide_transition&quot;:&quot;fade&quot;,&quot;background_slideshow_transition_duration&quot;:500}\">\n\t\t\t<div class=\"elementor-widget-wrap elementor-element-populated\">\n\t\t\t\t\t\t<div class=\"elementor-element elementor-element-56689f6 elementor-absolute elementor-widget elementor-widget-heading\" data-id=\"56689f6\" data-element_type=\"widget\" data-e-type=\"widget\" data-settings=\"{&quot;_position&quot;:&quot;absolute&quot;}\" data-widget_type=\"heading.default\">\n\t\t\t\t\t<h1 class=\"elementor-heading-title elementor-size-default\">BETON\u00c1RE\u0147<\/h1>\t\t\t\t<\/div>\n\t\t\t\t\t<\/div>\n\t\t<\/div>\n\t\t\t\t\t<\/div>\n\t\t<\/section>\n\t\t\t\t<section class=\"elementor-section elementor-top-section elementor-element elementor-element-43a4dca elementor-section-boxed elementor-section-height-default elementor-section-height-default\" data-id=\"43a4dca\" data-element_type=\"section\" data-e-type=\"section\">\n\t\t\t\t\t\t<div class=\"elementor-container elementor-column-gap-default\">\n\t\t\t\t\t<div class=\"elementor-column elementor-col-100 elementor-top-column elementor-element elementor-element-868fb23\" data-id=\"868fb23\" data-element_type=\"column\" data-e-type=\"column\">\n\t\t\t<div class=\"elementor-widget-wrap elementor-element-populated\">\n\t\t\t\t\t\t<div class=\"elementor-element elementor-element-1cd285a elementor-widget elementor-widget-spacer\" data-id=\"1cd285a\" data-element_type=\"widget\" data-e-type=\"widget\" data-widget_type=\"spacer.default\">\n\t\t\t\t\t\t\t<div class=\"elementor-spacer\">\n\t\t\t<div class=\"elementor-spacer-inner\"><\/div>\n\t\t<\/div>\n\t\t\t\t\t\t<\/div>\n\t\t\t\t\t<\/div>\n\t\t<\/div>\n\t\t\t\t\t<\/div>\n\t\t<\/section>\n\t\t\t\t<section class=\"elementor-section elementor-top-section elementor-element elementor-element-843152a elementor-section-boxed elementor-section-height-default elementor-section-height-default\" data-id=\"843152a\" data-element_type=\"section\" data-e-type=\"section\">\n\t\t\t\t\t\t<div class=\"elementor-container elementor-column-gap-default\">\n\t\t\t\t\t<div class=\"elementor-column elementor-col-100 elementor-top-column elementor-element elementor-element-b0498e9\" data-id=\"b0498e9\" data-element_type=\"column\" data-e-type=\"column\" data-settings=\"{&quot;background_background&quot;:&quot;gradient&quot;}\">\n\t\t\t<div class=\"elementor-widget-wrap elementor-element-populated\">\n\t\t\t\t\t<div class=\"elementor-background-overlay\"><\/div>\n\t\t\t\t\t\t<div class=\"elementor-element elementor-element-fa34b0f elementor-widget elementor-widget-text-editor\" data-id=\"fa34b0f\" data-element_type=\"widget\" data-e-type=\"widget\" data-widget_type=\"text-editor.default\">\n\t\t\t\t\t\t\t\t\t<h2>Beton\u00e1re\u0148 pon\u00faka z\u00e1kladn\u00e9 aj \u0161peci\u00e1lne druhy bet\u00f3nu<\/h2><p>Bet\u00f3n je materi\u00e1l, ktor\u00fd patr\u00ed medzi tie najv\u00fdznamnej\u0161ie stavebn\u00e9 materi\u00e1ly. Beton\u00e1re\u0148 vyr\u00e1ba \u0161irok\u00fd sortiment bet\u00f3nov\u00fdch zmes\u00ed r\u00f4znych tried a recept\u00far. Okrem z\u00e1kladn\u00e9ho sortimentu pre uplatnenie v menej n\u00e1ro\u010dn\u00fdch podmienkach\u00a0sa beton\u00e1re\u0148 zaober\u00e1 aj v\u00fdrobou vysokopevnostn\u00fdch zmes\u00ed ur\u010den\u00fdch na \u0161peci\u00e1lne vyu\u017eitie.<\/p>\t\t\t\t\t\t\t\t<\/div>\n\t\t\t\t\t<\/div>\n\t\t<\/div>\n\t\t\t\t\t<\/div>\n\t\t<\/section>\n\t\t\t\t<section class=\"elementor-section elementor-top-section elementor-element elementor-element-0516cc1 elementor-section-boxed elementor-section-height-default elementor-section-height-default\" data-id=\"0516cc1\" data-element_type=\"section\" data-e-type=\"section\">\n\t\t\t\t\t\t<div class=\"elementor-container elementor-column-gap-default\">\n\t\t\t\t\t<div class=\"elementor-column elementor-col-100 elementor-top-column elementor-element elementor-element-ef022e2\" data-id=\"ef022e2\" data-element_type=\"column\" data-e-type=\"column\">\n\t\t\t<div class=\"elementor-widget-wrap elementor-element-populated\">\n\t\t\t\t\t\t<div class=\"elementor-element elementor-element-07d9845 elementor-widget elementor-widget-image\" data-id=\"07d9845\" data-element_type=\"widget\" data-e-type=\"widget\" data-widget_type=\"image.default\">\n\t\t\t\t\t\t\t\t\t\t\t\t\t\t\t<img fetchpriority=\"high\" decoding=\"async\" width=\"1024\" height=\"802\" src=\"https:\/\/savingplus.sk\/wp-content\/uploads\/2023\/03\/Snimka-obrazovky-2023-03-30-o-15.05.47-1024x802.png\" class=\"attachment-large size-large wp-image-712\" alt=\"\" srcset=\"https:\/\/savingplus.sk\/wp-content\/uploads\/2023\/03\/Snimka-obrazovky-2023-03-30-o-15.05.47-1024x802.png 1024w, https:\/\/savingplus.sk\/wp-content\/uploads\/2023\/03\/Snimka-obrazovky-2023-03-30-o-15.05.47-300x235.png 300w, https:\/\/savingplus.sk\/wp-content\/uploads\/2023\/03\/Snimka-obrazovky-2023-03-30-o-15.05.47-768x602.png 768w, https:\/\/savingplus.sk\/wp-content\/uploads\/2023\/03\/Snimka-obrazovky-2023-03-30-o-15.05.47-1536x1203.png 1536w, https:\/\/savingplus.sk\/wp-content\/uploads\/2023\/03\/Snimka-obrazovky-2023-03-30-o-15.05.47.png 1598w\" sizes=\"(max-width: 1024px) 100vw, 1024px\" \/>\t\t\t\t\t\t\t\t\t\t\t\t\t\t\t<\/div>\n\t\t\t\t\t<\/div>\n\t\t<\/div>\n\t\t\t\t\t<\/div>\n\t\t<\/section>\n\t\t\t\t<section class=\"elementor-section elementor-top-section elementor-element elementor-element-65377a7 elementor-section-boxed elementor-section-height-default elementor-section-height-default\" data-id=\"65377a7\" data-element_type=\"section\" data-e-type=\"section\">\n\t\t\t\t\t\t<div class=\"elementor-container elementor-column-gap-default\">\n\t\t\t\t\t<div class=\"elementor-column elementor-col-100 elementor-top-column elementor-element elementor-element-92cfec4\" data-id=\"92cfec4\" data-element_type=\"column\" data-e-type=\"column\">\n\t\t\t<div class=\"elementor-widget-wrap elementor-element-populated\">\n\t\t\t\t\t\t<div class=\"elementor-element elementor-element-50b37c3 elementor-widget elementor-widget-heading\" data-id=\"50b37c3\" data-element_type=\"widget\" data-e-type=\"widget\" data-widget_type=\"heading.default\">\n\t\t\t\t\t<h2 class=\"elementor-heading-title elementor-size-default\">DOPRAVA<\/h2>\t\t\t\t<\/div>\n\t\t\t\t\t<\/div>\n\t\t<\/div>\n\t\t\t\t\t<\/div>\n\t\t<\/section>\n\t\t\t\t<section class=\"elementor-section elementor-top-section elementor-element elementor-element-34d2deb elementor-section-boxed elementor-section-height-default elementor-section-height-default\" data-id=\"34d2deb\" data-element_type=\"section\" data-e-type=\"section\">\n\t\t\t\t\t\t<div class=\"elementor-container elementor-column-gap-default\">\n\t\t\t\t\t<div class=\"elementor-column elementor-col-100 elementor-top-column elementor-element elementor-element-d9fc1fb\" data-id=\"d9fc1fb\" data-element_type=\"column\" data-e-type=\"column\">\n\t\t\t<div class=\"elementor-widget-wrap elementor-element-populated\">\n\t\t\t\t\t\t<div class=\"elementor-element elementor-element-11eb740 elementor-widget elementor-widget-text-editor\" data-id=\"11eb740\" data-element_type=\"widget\" data-e-type=\"widget\" data-widget_type=\"text-editor.default\">\n\t\t\t\t\t\t\t\t\t<div style=\"caret-color: #000000; color: #000000;\"><p>Cena dopravy zahr\u0148uje nakla\u0301dku na betona\u0301rni, dopravu na miesto urc\u030cenia, vykla\u0301dku do 15 minu\u0301t a jazdu spa\u0308t\u030c.<\/p><p><strong><span style=\"font-style: inherit; background-color: var(--ast-global-color-4);\">Pri vykla\u0301dke nad 15 minu\u0301t je u\u0301c\u030ctovany\u0301 poplatok 6 \u20ac bez DPH za kaz\u030cd\u00fdch 15 min\u00fat.<\/span><\/strong><\/p><p>Odberatel\u030c zodpoveda\u0301 za bezpec\u030cny\u0301 vjazd na miesto vykla\u0301dky , za pri\u0301padne\u0301 oc\u030cistenie komunika\u0301cie znec\u030cistenej vy\u0301jazdom zo stavby a za dodrz\u030ciavanie technicky\u0301ch, dodaci\u0301ch a vs\u030ceobecny\u0301ch predajny\u0301ch podmienok uvedeny\u0301ch v pri\u0301lohe tohto cenni\u0301ku a na kaz\u030cdom dodacom liste.<\/p><\/div>\t\t\t\t\t\t\t\t<\/div>\n\t\t\t\t\t<\/div>\n\t\t<\/div>\n\t\t\t\t\t<\/div>\n\t\t<\/section>\n\t\t<div class=\"elementor-element elementor-element-9f4cbf1 e-grid e-con-boxed e-con e-parent\" data-id=\"9f4cbf1\" data-element_type=\"container\" data-e-type=\"container\">\n\t\t\t\t\t<div class=\"e-con-inner\">\n\t\t\t\t<div class=\"elementor-element elementor-element-361a8e4 elementor-widget elementor-widget-image\" data-id=\"361a8e4\" data-element_type=\"widget\" data-e-type=\"widget\" data-widget_type=\"image.default\">\n\t\t\t\t\t\t\t\t\t\t\t\t\t\t\t<img decoding=\"async\" width=\"768\" height=\"543\" src=\"https:\/\/savingplus.sk\/wp-content\/uploads\/2023\/03\/14-1-768x543.png\" class=\"attachment-medium_large size-medium_large wp-image-731\" alt=\"\" srcset=\"https:\/\/savingplus.sk\/wp-content\/uploads\/2023\/03\/14-1-768x543.png 768w, https:\/\/savingplus.sk\/wp-content\/uploads\/2023\/03\/14-1-300x212.png 300w, https:\/\/savingplus.sk\/wp-content\/uploads\/2023\/03\/14-1-1024x724.png 1024w, https:\/\/savingplus.sk\/wp-content\/uploads\/2023\/03\/14-1-1536x1086.png 1536w, https:\/\/savingplus.sk\/wp-content\/uploads\/2023\/03\/14-1.png 2000w\" sizes=\"(max-width: 768px) 100vw, 768px\" \/>\t\t\t\t\t\t\t\t\t\t\t\t\t\t\t<\/div>\n\t\t\t\t<div class=\"elementor-element elementor-element-4d31de1 elementor-widget elementor-widget-image\" data-id=\"4d31de1\" data-element_type=\"widget\" data-e-type=\"widget\" data-widget_type=\"image.default\">\n\t\t\t\t\t\t\t\t\t\t\t\t\t\t\t<img decoding=\"async\" width=\"768\" height=\"543\" src=\"https:\/\/savingplus.sk\/wp-content\/uploads\/2023\/03\/13-768x543.png\" class=\"attachment-medium_large size-medium_large wp-image-726\" alt=\"\" srcset=\"https:\/\/savingplus.sk\/wp-content\/uploads\/2023\/03\/13-768x543.png 768w, https:\/\/savingplus.sk\/wp-content\/uploads\/2023\/03\/13-300x212.png 300w, https:\/\/savingplus.sk\/wp-content\/uploads\/2023\/03\/13-1024x724.png 1024w, https:\/\/savingplus.sk\/wp-content\/uploads\/2023\/03\/13-1536x1086.png 1536w, https:\/\/savingplus.sk\/wp-content\/uploads\/2023\/03\/13.png 2000w\" sizes=\"(max-width: 768px) 100vw, 768px\" \/>\t\t\t\t\t\t\t\t\t\t\t\t\t\t\t<\/div>\n\t\t\t\t\t<\/div>\n\t\t\t\t<\/div>\n\t\t\t\t<section class=\"elementor-section elementor-top-section elementor-element elementor-element-ced872f elementor-section-boxed elementor-section-height-default elementor-section-height-default\" data-id=\"ced872f\" data-element_type=\"section\" data-e-type=\"section\">\n\t\t\t\t\t\t<div class=\"elementor-container elementor-column-gap-default\">\n\t\t\t\t\t<div class=\"elementor-column elementor-col-100 elementor-top-column elementor-element elementor-element-af6c02d\" data-id=\"af6c02d\" data-element_type=\"column\" data-e-type=\"column\">\n\t\t\t<div class=\"elementor-widget-wrap elementor-element-populated\">\n\t\t\t\t\t\t<div class=\"elementor-element elementor-element-338209e elementor-widget elementor-widget-heading\" data-id=\"338209e\" data-element_type=\"widget\" data-e-type=\"widget\" data-widget_type=\"heading.default\">\n\t\t\t\t\t<h2 class=\"elementor-heading-title elementor-size-default\">OBJEDN\u00c1VKY<\/h2>\t\t\t\t<\/div>\n\t\t\t\t<div class=\"elementor-element elementor-element-08c698f elementor-widget elementor-widget-wpforms\" data-id=\"08c698f\" data-element_type=\"widget\" data-e-type=\"widget\" data-widget_type=\"wpforms.default\">\n\t\t\t\t<div class=\"elementor-widget-container\">\n\t\t\t\t\t<div class=\"wpforms-container \" id=\"wpforms-1144\"><form id=\"wpforms-form-1144\" class=\"wpforms-validate wpforms-form\" data-formid=\"1144\" method=\"post\" enctype=\"multipart\/form-data\" action=\"\/index.php\/wp-json\/wp\/v2\/pages\/309\" data-token=\"2d9a6ef2254d9e7670d67e22c46f1859\" data-token-time=\"1778328019\"><noscript class=\"wpforms-error-noscript\">Please enable JavaScript in your browser to complete this form.<\/noscript><div class=\"wpforms-field-container\"><div id=\"wpforms-1144-field_1-container\" class=\"wpforms-field wpforms-field-name\" data-field-id=\"1\"><label class=\"wpforms-field-label\" for=\"wpforms-1144-field_1\">Meno a priezvisko <span class=\"wpforms-required-label\">*<\/span><\/label><input type=\"text\" id=\"wpforms-1144-field_1\" class=\"wpforms-field-large wpforms-field-required\" name=\"wpforms[fields][1]\" required><\/div><div id=\"wpforms-1144-field_14-container\" class=\"wpforms-field wpforms-field-number\" data-field-id=\"14\"><label class=\"wpforms-field-label\" for=\"wpforms-1144-field_14\">Tel. \u010d\u00edslo <span class=\"wpforms-required-label\">*<\/span><\/label><input type=\"number\" id=\"wpforms-1144-field_14\" class=\"wpforms-field-large wpforms-field-required\" name=\"wpforms[fields][14]\" step=\"any\" required><\/div><div id=\"wpforms-1144-field_4-container\" class=\"wpforms-field wpforms-field-email\" data-field-id=\"4\"><label class=\"wpforms-field-label\" for=\"wpforms-1144-field_4\">Email <span class=\"wpforms-required-label\">*<\/span><\/label><input type=\"email\" id=\"wpforms-1144-field_4\" class=\"wpforms-field-large wpforms-field-required\" name=\"wpforms[fields][4]\" spellcheck=\"false\" required><\/div><div id=\"wpforms-1144-field_15-container\" class=\"wpforms-field wpforms-field-text\" data-field-id=\"15\"><label class=\"wpforms-field-label\" for=\"wpforms-1144-field_15\">Adresa <\/label><input type=\"text\" id=\"wpforms-1144-field_15\" class=\"wpforms-field-large wpforms-limit-words-enabled\" data-form-id=\"1144\" data-field-id=\"15\" data-text-limit=\"1000\" name=\"wpforms[fields][15]\" placeholder=\"ulica+\u010d\u00edslo, PS\u010c, mesto\" ><\/div><div id=\"wpforms-1144-field_7-container\" class=\"wpforms-field wpforms-field-checkbox wpforms-list-3-columns\" data-field-id=\"7\"><label class=\"wpforms-field-label\">O ak\u00fa frakciu m\u00e1te z\u00e1ujem <\/label><ul id=\"wpforms-1144-field_7\" data-choice-limit=\"5\"><li class=\"choice-1 depth-1\"><input type=\"checkbox\" id=\"wpforms-1144-field_7_1\" data-rule-check-limit=\"true\" name=\"wpforms[fields][7][]\" value=\"C 12\/15 - Dmax 22\"  ><label class=\"wpforms-field-label-inline\" for=\"wpforms-1144-field_7_1\">C 12\/15 - Dmax 22<\/label><\/li><li class=\"choice-2 depth-1\"><input type=\"checkbox\" id=\"wpforms-1144-field_7_2\" data-rule-check-limit=\"true\" name=\"wpforms[fields][7][]\" value=\"C 16\/20 - Dmax 22\"  ><label class=\"wpforms-field-label-inline\" for=\"wpforms-1144-field_7_2\">C 16\/20 - Dmax 22<\/label><\/li><li class=\"choice-3 depth-1\"><input type=\"checkbox\" id=\"wpforms-1144-field_7_3\" data-rule-check-limit=\"true\" name=\"wpforms[fields][7][]\" value=\"C 16\/20 - Dmax 16\"  ><label class=\"wpforms-field-label-inline\" for=\"wpforms-1144-field_7_3\">C 16\/20 - Dmax 16<\/label><\/li><li class=\"choice-4 depth-1\"><input type=\"checkbox\" id=\"wpforms-1144-field_7_4\" data-rule-check-limit=\"true\" name=\"wpforms[fields][7][]\" value=\"C 20\/25 - Dmax 16\"  ><label class=\"wpforms-field-label-inline\" for=\"wpforms-1144-field_7_4\">C 20\/25 - Dmax 16<\/label><\/li><li class=\"choice-5 depth-1\"><input type=\"checkbox\" id=\"wpforms-1144-field_7_5\" data-rule-check-limit=\"true\" name=\"wpforms[fields][7][]\" value=\"C 25\/30 - Dmax 16\"  ><label class=\"wpforms-field-label-inline\" for=\"wpforms-1144-field_7_5\">C 25\/30 - Dmax 16<\/label><\/li><li class=\"choice-8 depth-1\"><input type=\"checkbox\" id=\"wpforms-1144-field_7_8\" data-rule-check-limit=\"true\" name=\"wpforms[fields][7][]\" value=\"C 30\/37 - Dmax 16\"  ><label class=\"wpforms-field-label-inline\" for=\"wpforms-1144-field_7_8\">C 30\/37 - Dmax 16<\/label><\/li><li class=\"choice-6 depth-1\"><input type=\"checkbox\" id=\"wpforms-1144-field_7_6\" data-rule-check-limit=\"true\" name=\"wpforms[fields][7][]\" value=\"POTER\"  ><label class=\"wpforms-field-label-inline\" for=\"wpforms-1144-field_7_6\">POTER<\/label><\/li><\/ul><\/div><div id=\"wpforms-1144-field_19-container\" class=\"wpforms-field wpforms-field-text\" data-field-id=\"19\"><label class=\"wpforms-field-label\" for=\"wpforms-1144-field_19\">Ko\u013eko m3 <span class=\"wpforms-required-label\">*<\/span><\/label><input type=\"text\" id=\"wpforms-1144-field_19\" class=\"wpforms-field-large wpforms-field-required\" name=\"wpforms[fields][19]\" required><\/div><div id=\"wpforms-1144-field_13-container\" class=\"wpforms-field wpforms-field-textarea\" data-field-id=\"13\"><label class=\"wpforms-field-label\" for=\"wpforms-1144-field_13\">Pozn\u00e1mky <\/label><textarea id=\"wpforms-1144-field_13\" class=\"wpforms-field-medium\" name=\"wpforms[fields][13]\" ><\/textarea><\/div><\/div><!-- .wpforms-field-container --><div class=\"wpforms-submit-container\" ><input type=\"hidden\" name=\"wpforms[id]\" value=\"1144\"><input type=\"hidden\" name=\"page_title\" value=\"\"><input type=\"hidden\" name=\"page_url\" value=\"https:\/\/savingplus.sk\/index.php\/wp-json\/wp\/v2\/pages\/309\"><input type=\"hidden\" name=\"url_referer\" value=\"\"><button type=\"submit\" name=\"wpforms[submit]\" id=\"wpforms-submit-1144\" class=\"wpforms-submit\" aria-live=\"assertive\" value=\"wpforms-submit\">ODOSLA\u0164<\/button><\/div><\/form><\/div>  <!-- .wpforms-container -->\t\t\t\t<\/div>\n\t\t\t\t<\/div>\n\t\t\t\t\t<\/div>\n\t\t<\/div>\n\t\t\t\t\t<\/div>\n\t\t<\/section>\n\t\t\t\t<\/div>\n\t\t","protected":false},"excerpt":{"rendered":"<p>BETON\u00c1RE\u0147 Beton\u00e1re\u0148 pon\u00faka z\u00e1kladn\u00e9 aj \u0161peci\u00e1lne druhy bet\u00f3nu Bet\u00f3n je materi\u00e1l, ktor\u00fd patr\u00ed medzi tie najv\u00fdznamnej\u0161ie stavebn\u00e9 materi\u00e1ly. Beton\u00e1re\u0148 vyr\u00e1ba \u0161irok\u00fd sortiment bet\u00f3nov\u00fdch zmes\u00ed r\u00f4znych tried a recept\u00far. Okrem z\u00e1kladn\u00e9ho sortimentu pre uplatnenie v menej n\u00e1ro\u010dn\u00fdch podmienkach\u00a0sa beton\u00e1re\u0148 zaober\u00e1 aj v\u00fdrobou vysokopevnostn\u00fdch zmes\u00ed ur\u010den\u00fdch na \u0161peci\u00e1lne vyu\u017eitie. DOPRAVA Cena dopravy zahr\u0148uje nakla\u0301dku na betona\u0301rni, dopravu [&hellip;]<\/p>\n","protected":false},"author":1,"featured_media":0,"parent":0,"menu_order":0,"comment_status":"closed","ping_status":"closed","template":"","meta":{"site-sidebar-layout":"no-sidebar","site-content-layout":"page-builder","ast-site-content-layout":"default","site-content-style":"default","site-sidebar-style":"default","ast-global-header-display":"","ast-banner-title-visibility":"","ast-main-header-display":"","ast-hfb-above-header-display":"","ast-hfb-below-header-display":"","ast-hfb-mobile-header-display":"","site-post-title":"disabled","ast-breadcrumbs-content":"disabled","ast-featured-img":"disabled","footer-sml-layout":"","theme-transparent-header-meta":"enabled","adv-header-id-meta":"","stick-header-meta":"","header-above-stick-meta":"","header-main-stick-meta":"","header-below-stick-meta":"","astra-migrate-meta-layouts":"default","ast-page-background-enabled":"default","ast-page-background-meta":{"desktop":{"background-color":"var(--ast-global-color-4)","background-image":"","background-repeat":"repeat","background-position":"center center","background-size":"auto","background-attachment":"scroll","background-type":"","background-media":"","overlay-type":"","overlay-color":"","overlay-opacity":"","overlay-gradient":""},"tablet":{"background-color":"","background-image":"","background-repeat":"repeat","background-position":"center center","background-size":"auto","background-attachment":"scroll","background-type":"","background-media":"","overlay-type":"","overlay-color":"","overlay-opacity":"","overlay-gradient":""},"mobile":{"background-color":"","background-image":"","background-repeat":"repeat","background-position":"center center","background-size":"auto","background-attachment":"scroll","background-type":"","background-media":"","overlay-type":"","overlay-color":"","overlay-opacity":"","overlay-gradient":""}},"ast-content-background-meta":{"desktop":{"background-color":"var(--ast-global-color-5)","background-image":"","background-repeat":"repeat","background-position":"center center","background-size":"auto","background-attachment":"scroll","background-type":"","background-media":"","overlay-type":"","overlay-color":"","overlay-opacity":"","overlay-gradient":""},"tablet":{"background-color":"var(--ast-global-color-5)","background-image":"","background-repeat":"repeat","background-position":"center center","background-size":"auto","background-attachment":"scroll","background-type":"","background-media":"","overlay-type":"","overlay-color":"","overlay-opacity":"","overlay-gradient":""},"mobile":{"background-color":"var(--ast-global-color-5)","background-image":"","background-repeat":"repeat","background-position":"center center","background-size":"auto","background-attachment":"scroll","background-type":"","background-media":"","overlay-type":"","overlay-color":"","overlay-opacity":"","overlay-gradient":""}},"footnotes":""},"class_list":["post-309","page","type-page","status-publish","hentry"],"_links":{"self":[{"href":"https:\/\/savingplus.sk\/index.php\/wp-json\/wp\/v2\/pages\/309","targetHints":{"allow":["GET"]}}],"collection":[{"href":"https:\/\/savingplus.sk\/index.php\/wp-json\/wp\/v2\/pages"}],"about":[{"href":"https:\/\/savingplus.sk\/index.php\/wp-json\/wp\/v2\/types\/page"}],"author":[{"embeddable":true,"href":"https:\/\/savingplus.sk\/index.php\/wp-json\/wp\/v2\/users\/1"}],"replies":[{"embeddable":true,"href":"https:\/\/savingplus.sk\/index.php\/wp-json\/wp\/v2\/comments?post=309"}],"version-history":[{"count":96,"href":"https:\/\/savingplus.sk\/index.php\/wp-json\/wp\/v2\/pages\/309\/revisions"}],"predecessor-version":[{"id":1709,"href":"https:\/\/savingplus.sk\/index.php\/wp-json\/wp\/v2\/pages\/309\/revisions\/1709"}],"wp:attachment":[{"href":"https:\/\/savingplus.sk\/index.php\/wp-json\/wp\/v2\/media?parent=309"}],"curies":[{"name":"wp","href":"https:\/\/api.w.org\/{rel}","templated":true}]}}